{"id":8,"date":"2024-09-30T11:58:04","date_gmt":"2024-09-30T11:58:04","guid":{"rendered":"https:\/\/visotek.vn\/blog\/?page_id=8"},"modified":"2024-09-30T12:16:10","modified_gmt":"2024-09-30T12:16:10","slug":"reset-mat-khau-dau-ghi-camera-hikvision-khong-can-file-export","status":"publish","type":"page","link":"https:\/\/visotek.vn\/blog\/reset-mat-khau-dau-ghi-camera-hikvision-khong-can-file-export","title":{"rendered":"Reset m\u1eadt kh\u1ea9u \u0111\u1ea7u ghi Camera Hikvision kh\u00f4ng c\u1ea7n file Export"},"content":{"rendered":"<p><strong>Visotek Vi\u1ec7t Nam<\/strong> cung c\u1ea5p c\u00f4ng c\u1ee5 t\u1ea1o ra m\u1ed9t m\u00e3 s\u1ed1 &#8220;<strong>Password reset code<\/strong>&#8221; gi\u00fap b\u1ea1n c\u00f3 th\u1ec3 reset (\u0111\u1eb7t l\u1ea1i m\u1eadt kh\u1ea9u) c\u1ee7a \u0111\u1ea7u ghi Camera Hikvision. H\u00e3y nh\u1eadp \u0111\u1ea7y \u0111\u1ee7 th\u00f4ng s\u1ed1 c\u1ee7a \u0111\u1ea7u ghi Hikvision nh\u01b0 s\u1ed1 Seri (<span class=\"detail_content nd\"><strong>Serial No.<\/strong><\/span>), Ng\u00e0y th\u00e1ng n\u0103m th\u1ef1c t\u1ebf tr\u00ean \u0111\u1ea7u ghi (Xem h\u01b0\u1edbng d\u1eabn l\u1ea5y th\u00f4ng tin \u1edf cu\u1ed1i b\u00e0i) r\u1ed3i \u0111i\u1ec1n v\u00e0o form d\u01b0\u1edbi \u0111\u00e2y:<\/p>\n","protected":false},"excerpt":{"rendered":"<p>Visotek Vi\u1ec7t Nam cung c\u1ea5p c\u00f4ng c\u1ee5 t\u1ea1o ra m\u1ed9t m\u00e3 s\u1ed1 &#8220;Password reset code&#8221; gi\u00fap b\u1ea1n c\u00f3 th\u1ec3 reset (\u0111\u1eb7t l\u1ea1i m\u1eadt kh\u1ea9u) c\u1ee7a \u0111\u1ea7u ghi Camera Hikvision. H\u00e3y nh\u1eadp \u0111\u1ea7y \u0111\u1ee7 th\u00f4ng s\u1ed1 c\u1ee7a \u0111\u1ea7u ghi Hikvision nh\u01b0 s\u1ed1 Seri (Serial No.), Ng\u00e0y th\u00e1ng n\u0103m th\u1ef1c t\u1ebf tr\u00ean \u0111\u1ea7u ghi (Xem h\u01b0\u1edbng d\u1eabn [&hellip;]<\/p>\n","protected":false},"author":1,"featured_media":0,"parent":0,"menu_order":0,"comment_status":"closed","ping_status":"closed","template":"page-reset-dvr-nvr.php","meta":{"footnotes":""},"class_list":["post-8","page","type-page","status-publish","hentry"],"yoast_head":"<!-- This site is optimized with the Yoast SEO plugin v26.6 - https:\/\/yoast.com\/wordpress\/plugins\/seo\/ -->\n<title>Reset m\u1eadt kh\u1ea9u \u0111\u1ea7u ghi Camera Hikvision kh\u00f4ng c\u1ea7n file Export - Blog c\u00f4ng ngh\u1ec7<\/title>\n<meta name=\"robots\" content=\"index, follow, max-snippet:-1, max-image-preview:large, max-video-preview:-1\" \/>\n<link rel=\"canonical\" href=\"https:\/\/visotek.vn\/blog\/reset-mat-khau-dau-ghi-camera-hikvision-khong-can-file-export\" \/>\n<meta property=\"og:locale\" content=\"vi_VN\" \/>\n<meta property=\"og:type\" content=\"article\" \/>\n<meta property=\"og:title\" content=\"Reset m\u1eadt kh\u1ea9u \u0111\u1ea7u ghi Camera Hikvision kh\u00f4ng c\u1ea7n file Export - Blog c\u00f4ng ngh\u1ec7\" \/>\n<meta property=\"og:description\" content=\"Visotek Vi\u1ec7t Nam cung c\u1ea5p c\u00f4ng c\u1ee5 t\u1ea1o ra m\u1ed9t m\u00e3 s\u1ed1 &#8220;Password reset code&#8221; gi\u00fap b\u1ea1n c\u00f3 th\u1ec3 reset (\u0111\u1eb7t l\u1ea1i m\u1eadt kh\u1ea9u) c\u1ee7a \u0111\u1ea7u ghi Camera Hikvision. H\u00e3y nh\u1eadp \u0111\u1ea7y \u0111\u1ee7 th\u00f4ng s\u1ed1 c\u1ee7a \u0111\u1ea7u ghi Hikvision nh\u01b0 s\u1ed1 Seri (Serial No.), Ng\u00e0y th\u00e1ng n\u0103m th\u1ef1c t\u1ebf tr\u00ean \u0111\u1ea7u ghi (Xem h\u01b0\u1edbng d\u1eabn [&hellip;]\" \/>\n<meta property=\"og:url\" content=\"https:\/\/visotek.vn\/blog\/reset-mat-khau-dau-ghi-camera-hikvision-khong-can-file-export\" \/>\n<meta property=\"og:site_name\" content=\"Blog c\u00f4ng ngh\u1ec7\" \/>\n<meta property=\"article:modified_time\" content=\"2024-09-30T12:16:10+00:00\" \/>\n<meta name=\"twitter:card\" content=\"summary_large_image\" \/>\n<meta name=\"twitter:label1\" content=\"\u01af\u1edbc t\u00ednh th\u1eddi gian \u0111\u1ecdc\" \/>\n\t<meta name=\"twitter:data1\" content=\"1 ph\u00fat\" \/>\n<script type=\"application\/ld+json\" class=\"yoast-schema-graph\">{\"@context\":\"https:\/\/schema.org\",\"@graph\":[{\"@type\":\"WebPage\",\"@id\":\"https:\/\/visotek.vn\/blog\/reset-mat-khau-dau-ghi-camera-hikvision-khong-can-file-export\",\"url\":\"https:\/\/visotek.vn\/blog\/reset-mat-khau-dau-ghi-camera-hikvision-khong-can-file-export\",\"name\":\"Reset m\u1eadt kh\u1ea9u \u0111\u1ea7u ghi Camera Hikvision kh\u00f4ng c\u1ea7n file Export - Blog c\u00f4ng ngh\u1ec7\",\"isPartOf\":{\"@id\":\"https:\/\/visotek.vn\/blog\/#website\"},\"datePublished\":\"2024-09-30T11:58:04+00:00\",\"dateModified\":\"2024-09-30T12:16:10+00:00\",\"breadcrumb\":{\"@id\":\"https:\/\/visotek.vn\/blog\/reset-mat-khau-dau-ghi-camera-hikvision-khong-can-file-export#breadcrumb\"},\"inLanguage\":\"vi\",\"potentialAction\":[{\"@type\":\"ReadAction\",\"target\":[\"https:\/\/visotek.vn\/blog\/reset-mat-khau-dau-ghi-camera-hikvision-khong-can-file-export\"]}]},{\"@type\":\"BreadcrumbList\",\"@id\":\"https:\/\/visotek.vn\/blog\/reset-mat-khau-dau-ghi-camera-hikvision-khong-can-file-export#breadcrumb\",\"itemListElement\":[{\"@type\":\"ListItem\",\"position\":1,\"name\":\"Trang ch\u1ee7\",\"item\":\"https:\/\/visotek.vn\/blog\"},{\"@type\":\"ListItem\",\"position\":2,\"name\":\"Reset m\u1eadt kh\u1ea9u \u0111\u1ea7u ghi Camera Hikvision kh\u00f4ng c\u1ea7n file Export\"}]},{\"@type\":\"WebSite\",\"@id\":\"https:\/\/visotek.vn\/blog\/#website\",\"url\":\"https:\/\/visotek.vn\/blog\/\",\"name\":\"Blog c\u00f4ng ngh\u1ec7\",\"description\":\"\",\"potentialAction\":[{\"@type\":\"SearchAction\",\"target\":{\"@type\":\"EntryPoint\",\"urlTemplate\":\"https:\/\/visotek.vn\/blog\/?s={search_term_string}\"},\"query-input\":{\"@type\":\"PropertyValueSpecification\",\"valueRequired\":true,\"valueName\":\"search_term_string\"}}],\"inLanguage\":\"vi\"}]}<\/script>\n<!-- \/ Yoast SEO plugin. -->","yoast_head_json":{"title":"Reset m\u1eadt kh\u1ea9u \u0111\u1ea7u ghi Camera Hikvision kh\u00f4ng c\u1ea7n file Export - Blog c\u00f4ng ngh\u1ec7","robots":{"index":"index","follow":"follow","max-snippet":"max-snippet:-1","max-image-preview":"max-image-preview:large","max-video-preview":"max-video-preview:-1"},"canonical":"https:\/\/visotek.vn\/blog\/reset-mat-khau-dau-ghi-camera-hikvision-khong-can-file-export","og_locale":"vi_VN","og_type":"article","og_title":"Reset m\u1eadt kh\u1ea9u \u0111\u1ea7u ghi Camera Hikvision kh\u00f4ng c\u1ea7n file Export - Blog c\u00f4ng ngh\u1ec7","og_description":"Visotek Vi\u1ec7t Nam cung c\u1ea5p c\u00f4ng c\u1ee5 t\u1ea1o ra m\u1ed9t m\u00e3 s\u1ed1 &#8220;Password reset code&#8221; gi\u00fap b\u1ea1n c\u00f3 th\u1ec3 reset (\u0111\u1eb7t l\u1ea1i m\u1eadt kh\u1ea9u) c\u1ee7a \u0111\u1ea7u ghi Camera Hikvision. H\u00e3y nh\u1eadp \u0111\u1ea7y \u0111\u1ee7 th\u00f4ng s\u1ed1 c\u1ee7a \u0111\u1ea7u ghi Hikvision nh\u01b0 s\u1ed1 Seri (Serial No.), Ng\u00e0y th\u00e1ng n\u0103m th\u1ef1c t\u1ebf tr\u00ean \u0111\u1ea7u ghi (Xem h\u01b0\u1edbng d\u1eabn [&hellip;]","og_url":"https:\/\/visotek.vn\/blog\/reset-mat-khau-dau-ghi-camera-hikvision-khong-can-file-export","og_site_name":"Blog c\u00f4ng ngh\u1ec7","article_modified_time":"2024-09-30T12:16:10+00:00","twitter_card":"summary_large_image","twitter_misc":{"\u01af\u1edbc t\u00ednh th\u1eddi gian \u0111\u1ecdc":"1 ph\u00fat"},"schema":{"@context":"https:\/\/schema.org","@graph":[{"@type":"WebPage","@id":"https:\/\/visotek.vn\/blog\/reset-mat-khau-dau-ghi-camera-hikvision-khong-can-file-export","url":"https:\/\/visotek.vn\/blog\/reset-mat-khau-dau-ghi-camera-hikvision-khong-can-file-export","name":"Reset m\u1eadt kh\u1ea9u \u0111\u1ea7u ghi Camera Hikvision kh\u00f4ng c\u1ea7n file Export - Blog c\u00f4ng ngh\u1ec7","isPartOf":{"@id":"https:\/\/visotek.vn\/blog\/#website"},"datePublished":"2024-09-30T11:58:04+00:00","dateModified":"2024-09-30T12:16:10+00:00","breadcrumb":{"@id":"https:\/\/visotek.vn\/blog\/reset-mat-khau-dau-ghi-camera-hikvision-khong-can-file-export#breadcrumb"},"inLanguage":"vi","potentialAction":[{"@type":"ReadAction","target":["https:\/\/visotek.vn\/blog\/reset-mat-khau-dau-ghi-camera-hikvision-khong-can-file-export"]}]},{"@type":"BreadcrumbList","@id":"https:\/\/visotek.vn\/blog\/reset-mat-khau-dau-ghi-camera-hikvision-khong-can-file-export#breadcrumb","itemListElement":[{"@type":"ListItem","position":1,"name":"Trang ch\u1ee7","item":"https:\/\/visotek.vn\/blog"},{"@type":"ListItem","position":2,"name":"Reset m\u1eadt kh\u1ea9u \u0111\u1ea7u ghi Camera Hikvision kh\u00f4ng c\u1ea7n file Export"}]},{"@type":"WebSite","@id":"https:\/\/visotek.vn\/blog\/#website","url":"https:\/\/visotek.vn\/blog\/","name":"Blog c\u00f4ng ngh\u1ec7","description":"","potentialAction":[{"@type":"SearchAction","target":{"@type":"EntryPoint","urlTemplate":"https:\/\/visotek.vn\/blog\/?s={search_term_string}"},"query-input":{"@type":"PropertyValueSpecification","valueRequired":true,"valueName":"search_term_string"}}],"inLanguage":"vi"}]}},"_links":{"self":[{"href":"https:\/\/visotek.vn\/blog\/wp-json\/wp\/v2\/pages\/8","targetHints":{"allow":["GET"]}}],"collection":[{"href":"https:\/\/visotek.vn\/blog\/wp-json\/wp\/v2\/pages"}],"about":[{"href":"https:\/\/visotek.vn\/blog\/wp-json\/wp\/v2\/types\/page"}],"author":[{"embeddable":true,"href":"https:\/\/visotek.vn\/blog\/wp-json\/wp\/v2\/users\/1"}],"replies":[{"embeddable":true,"href":"https:\/\/visotek.vn\/blog\/wp-json\/wp\/v2\/comments?post=8"}],"version-history":[{"count":3,"href":"https:\/\/visotek.vn\/blog\/wp-json\/wp\/v2\/pages\/8\/revisions"}],"predecessor-version":[{"id":14,"href":"https:\/\/visotek.vn\/blog\/wp-json\/wp\/v2\/pages\/8\/revisions\/14"}],"wp:attachment":[{"href":"https:\/\/visotek.vn\/blog\/wp-json\/wp\/v2\/media?parent=8"}],"curies":[{"name":"wp","href":"https:\/\/api.w.org\/{rel}","templated":true}]}}